{"id":5064,"date":"2014-11-05T12:52:14","date_gmt":"2014-11-05T15:52:14","guid":{"rendered":"http:\/\/patagoniambiental.com.ar\/?page_id=5064"},"modified":"2021-07-16T10:48:03","modified_gmt":"2021-07-16T13:48:03","slug":"acerca-nuestro","status":"publish","type":"page","link":"https:\/\/patagoniambiental.com.ar\/info\/acerca-nuestro\/","title":{"rendered":"Acerca de Patagonia Ambiental"},"content":{"rendered":"<p><strong><em>Patagonia Ambiental <\/em><\/strong>es un portal web\u00a0 para el <strong>monitoreo y an\u00e1lisis constante de la situaci\u00f3n geopol\u00edtica en el mundo y su implicancia en la Patagonia en particular. <\/strong>El objetivo de quienes integran el portal es contribuir al avance de un mundo multipolar. Iniciamos nuestras actividades los d\u00edas 14 y 15 de abril del 2014 impulsando la realizaci\u00f3n del 6\u00ba encuentro del Foro Patag\u00f3nico Somuncura realizado en la ciudad de Viedma, capital de la provincia de R\u00edo Negro, Patagonia-Argentina con el objetivo de convertirse en una herramienta de consulta permanente y fuente de informaci\u00f3n.<\/p>\n<p>Dentro de la Geopol\u00edtica mundial, el sitio esta orientado a difundir informaci\u00f3n surgida desde las siguientes instancias:<\/p>\n<ul>\n<li>Ministerios<\/li>\n<li>Municipios<\/li>\n<li>Gobiernos<\/li>\n<li>Organismos internacionales, nacionales, regionales, etc.<\/li>\n<li>Empresas estatales, mixtas, privadas<\/li>\n<li>Universidades locales y extranjeras<\/li>\n<li>ONG<\/li>\n<\/ul>\n<p>Ofrece informaci\u00f3n diaria a trav\u00e9s de un portal din\u00e1mico\u00a0 en los \u00e1mbitos internacional, nacional y principalmente en la Patagonia recopilada de distintos medios de prensa extranjeros y locales y de producci\u00f3n propia. Incluye adem\u00e1s la posibilidad de traducir las notas a diferentes idiomas.<\/p>\n<p>Patagonia Ambiental\u00a0 se convierte de esta manera en un sitio indispensable para:<br \/>\n\u2022\u00a0\u00a0 \u00a0Municipios<br \/>\n\u2022\u00a0\u00a0 \u00a0ONGs<br \/>\n\u2022\u00a0\u00a0 \u00a0Empresas<br \/>\n\u2022\u00a0\u00a0 \u00a0Instituciones<br \/>\n\u2022\u00a0\u00a0 \u00a0Estudiantes<br \/>\n\u2022\u00a0\u00a0 \u00a0Docentes<br \/>\n\u2022\u00a0\u00a0 \u00a0Todas aquellas personas que deseen estar informadas sobre la Geopolitia mundial y sus implicancias en la Patagonia<\/p>\n<p>El sitio cuenta con una l\u00ednea <strong>Editorial<\/strong> y con una secci\u00f3n de <strong>Entrevistas<\/strong> mensuales y una secci\u00f3n denominada \u201c<strong>Agenda Ambiental<\/strong>\u201d donde se difunden todo tipo de eventos como congresos, seminarios, charlas, audiencias p\u00fablicas impulsados por organismos internacionales, gobierno nacional, gobiernos provinciales, etc.<\/p>\n<p>Se ofrece adem\u00e1s de manera gratuita un <strong>Directorio Ambiental<\/strong> conformado por:<\/p>\n<p>a) Consultores (personas f\u00edsicas)<\/p>\n<p>b) Consultores Ambientales (empresas)<\/p>\n<p>c) Empresas que venden productos vinculados al ambiente (ejemplo: molinos e\u00f3licos)<\/p>\n<p>d) ONG ambientalistas<\/p>\n<p>c) Municipios.<\/p>\n<p>El directorio contiene informaci\u00f3n de contacto de quienes se inscriban y deseen ofrecer sus servicios o difundir sus actividades.<\/p>\n<p>Pueden seguirnos en las redes sociales:<\/p>\n<p>Poniendo Me Gusta en Facebook: <strong>Patagonia Ambiental<\/strong><\/p>\n<p>O<\/p>\n<p>Poniendo Seguir en Twitter: <strong>@PatAmb<\/strong><\/p>\n<p>A su vez pueden recibir nuestro newsletter semanal gratuito introduciendo su correo electr\u00f3nico en la opci\u00f3n de la p\u00e1gina de inicio \u201c\u00a1Suscribete!\u201d<\/p>\n<p><strong>INSTITUCIONAL<\/strong><\/p>\n<p>El FORO PATAG\u00d3NICO SOMUNCURA se viene llevando a cabo desde hace cinco a\u00f1os en distintas ciudades, de la provincia de Rio Negro, Patagonia Argentina. Su nombre SOMUNCURA es una vos mapuche que significa \u00abpiedra sonora\u00bb o \u00abPiedra que habla \u00bb .\u00a0 El objetivo del encuentro como espacio de discusi\u00f3n es, precisamente, hacer escuchar a la sociedad los verdaderos sonidos de la realidad medioambiental, cientifico-tecnologica, politica, de desarrollo etc.<\/p>\n<p>La voz mapuche \u201cSomuncura\u201d significa \u201cpiedra sonora\u201d o \u201cpiedra que habla\u201d. Y es el sonido de las piedras que env\u00edan mensajes que pueden interpretar los \u201cmachi\u201d. La realidad, como las piedras, env\u00eda mensajes que entre todos, a falta de \u201cmachis\u201d, debemos descifrar.<\/p>\n<p>En ese marco se han realizado ya seis encuentros y otras actividades<\/p>\n<p>1\u00b0 Encuentro, Ingeniero Jacobacci, 29 de abril de 2000<\/p>\n<p>2\u00b0Encuentro, San Antonio Oeste, 24 de junio del 2000<\/p>\n<p>3\u00b0 Encuentro, General Roca, 26 de noviembre de 2000<\/p>\n<p>4\u00b0 Encuentro 18 de marzo de 2001<\/p>\n<p>5\u00b0 Encuentro, Viedma 3 de julio de 2004, CIENCIA, TECNOLOGIA Y FUTURO, Tecnolog\u00eda Espacial y Nuclear del INVAP<\/p>\n<p>6\u00b0 Encuentro, Viedma 14 y 15 de abril de 2009 \u00abMar Argentino y Arco del Golfo San Mat\u00edas\u00bb<\/p>\n<p>Charla \u00abGeopolitica del Vaticano-Eduardo Valdez\u00bb, Viedma 24 de octubre de 2018<\/p>\n","protected":false},"excerpt":{"rendered":"<p>Patagonia Ambiental es un portal web\u00a0 para el monitoreo y an\u00e1lisis constante de la situaci\u00f3n geopol\u00edtica en el mundo y [&hellip;]<\/p>\n","protected":false},"author":2,"featured_media":0,"parent":0,"menu_order":0,"comment_status":"closed","ping_status":"closed","template":"","meta":{"site-sidebar-layout":"default","site-content-layout":"","ast-site-content-layout":"default","site-content-style":"default","site-sidebar-style":"default","ast-global-header-display":"","ast-banner-title-visibility":"","ast-main-header-display":"","ast-hfb-above-header-display":"","ast-hfb-below-header-display":"","ast-hfb-mobile-header-display":"","site-post-title":"","ast-breadcrumbs-content":"","ast-featured-img":"","footer-sml-layout":"","ast-disable-related-posts":"","theme-transparent-header-meta":"","adv-header-id-meta":"","stick-header-meta":"","header-above-stick-meta":"","header-main-stick-meta":"","header-below-stick-meta":"","astra-migrate-meta-layouts":"default","ast-page-background-enabled":"default","ast-page-background-meta":{"desktop":{"background-color":"var(--ast-global-color-5)","background-image":"","background-repeat":"repeat","background-position":"center center","background-size":"auto","background-attachment":"scroll","background-type":"","background-media":"","overlay-type":"","overlay-color":"","overlay-opacity":"","overlay-gradient":""},"tablet":{"background-color":"","background-image":"","background-repeat":"repeat","background-position":"center center","background-size":"auto","background-attachment":"scroll","background-type":"","background-media":"","overlay-type":"","overlay-color":"","overlay-opacity":"","overlay-gradient":""},"mobile":{"background-color":"","background-image":"","background-repeat":"repeat","background-position":"center center","background-size":"auto","background-attachment":"scroll","background-type":"","background-media":"","overlay-type":"","overlay-color":"","overlay-opacity":"","overlay-gradient":""}},"ast-content-background-meta":{"desktop":{"background-color":"var(--ast-global-color-4)","background-image":"","background-repeat":"repeat","background-position":"center center","background-size":"auto","background-attachment":"scroll","background-type":"","background-media":"","overlay-type":"","overlay-color":"","overlay-opacity":"","overlay-gradient":""},"tablet":{"background-color":"var(--ast-global-color-4)","background-image":"","background-repeat":"repeat","background-position":"center center","background-size":"auto","background-attachment":"scroll","background-type":"","background-media":"","overlay-type":"","overlay-color":"","overlay-opacity":"","overlay-gradient":""},"mobile":{"background-color":"var(--ast-global-color-4)","background-image":"","background-repeat":"repeat","background-position":"center center","background-size":"auto","background-attachment":"scroll","background-type":"","background-media":"","overlay-type":"","overlay-color":"","overlay-opacity":"","overlay-gradient":""}},"footnotes":""},"class_list":["post-5064","page","type-page","status-publish","hentry"],"yoast_head":"<!-- This site is optimized with the Yoast SEO Premium plugin v23.0 (Yoast SEO v27.3) - https:\/\/yoast.com\/product\/yoast-seo-premium-wordpress\/ -->\n<title>Acerca de Patagonia Ambiental |<\/title>\n<meta name=\"robots\" content=\"index, follow, max-snippet:-1, max-image-preview:large, max-video-preview:-1\" \/>\n<link rel=\"canonical\" href=\"https:\/\/patagoniambiental.com.ar\/info\/acerca-nuestro\/\" \/>\n<meta property=\"og:locale\" content=\"es_ES\" \/>\n<meta property=\"og:type\" content=\"article\" \/>\n<meta property=\"og:title\" content=\"Acerca de Patagonia Ambiental\" \/>\n<meta property=\"og:description\" content=\"Patagonia Ambiental es un portal web\u00a0 para el monitoreo y an\u00e1lisis constante de la situaci\u00f3n geopol\u00edtica en el mundo y [&hellip;]\" \/>\n<meta property=\"og:url\" content=\"https:\/\/patagoniambiental.com.ar\/info\/acerca-nuestro\/\" \/>\n<meta property=\"og:site_name\" content=\"Patagonia Ambiental\" \/>\n<meta property=\"article:publisher\" content=\"https:\/\/www.facebook.com\/patagonia.ambiental\" \/>\n<meta property=\"article:modified_time\" content=\"2021-07-16T13:48:03+00:00\" \/>\n<meta name=\"twitter:card\" content=\"summary_large_image\" \/>\n<meta name=\"twitter:site\" content=\"@PatAmb\" \/>\n<script type=\"application\/ld+json\" class=\"yoast-schema-graph\">{\"@context\":\"https:\\\/\\\/schema.org\",\"@graph\":[{\"@type\":\"WebPage\",\"@id\":\"https:\\\/\\\/patagoniambiental.com.ar\\\/info\\\/acerca-nuestro\\\/\",\"url\":\"https:\\\/\\\/patagoniambiental.com.ar\\\/info\\\/acerca-nuestro\\\/\",\"name\":\"Acerca de Patagonia Ambiental |\",\"isPartOf\":{\"@id\":\"https:\\\/\\\/patagoniambiental.com.ar\\\/info\\\/#website\"},\"datePublished\":\"2014-11-05T15:52:14+00:00\",\"dateModified\":\"2021-07-16T13:48:03+00:00\",\"breadcrumb\":{\"@id\":\"https:\\\/\\\/patagoniambiental.com.ar\\\/info\\\/acerca-nuestro\\\/#breadcrumb\"},\"inLanguage\":\"es\",\"potentialAction\":[{\"@type\":\"ReadAction\",\"target\":[\"https:\\\/\\\/patagoniambiental.com.ar\\\/info\\\/acerca-nuestro\\\/\"]}]},{\"@type\":\"BreadcrumbList\",\"@id\":\"https:\\\/\\\/patagoniambiental.com.ar\\\/info\\\/acerca-nuestro\\\/#breadcrumb\",\"itemListElement\":[{\"@type\":\"ListItem\",\"position\":1,\"name\":\"Inicio\",\"item\":\"https:\\\/\\\/patagoniambiental.com.ar\\\/info\\\/\"},{\"@type\":\"ListItem\",\"position\":2,\"name\":\"Acerca de Patagonia Ambiental\"}]},{\"@type\":\"WebSite\",\"@id\":\"https:\\\/\\\/patagoniambiental.com.ar\\\/info\\\/#website\",\"url\":\"https:\\\/\\\/patagoniambiental.com.ar\\\/info\\\/\",\"name\":\"Patagonia Ambiental\",\"description\":\"Monitoreo y an\u00e1lisis de la situaci\u00f3n geopol\u00edtica en el mundo y su implicancia en la Patagonia\",\"publisher\":{\"@id\":\"https:\\\/\\\/patagoniambiental.com.ar\\\/info\\\/#organization\"},\"potentialAction\":[{\"@type\":\"SearchAction\",\"target\":{\"@type\":\"EntryPoint\",\"urlTemplate\":\"https:\\\/\\\/patagoniambiental.com.ar\\\/info\\\/?s={search_term_string}\"},\"query-input\":{\"@type\":\"PropertyValueSpecification\",\"valueRequired\":true,\"valueName\":\"search_term_string\"}}],\"inLanguage\":\"es\"},{\"@type\":\"Organization\",\"@id\":\"https:\\\/\\\/patagoniambiental.com.ar\\\/info\\\/#organization\",\"name\":\"Patagonia Ambiental\",\"url\":\"https:\\\/\\\/patagoniambiental.com.ar\\\/info\\\/\",\"logo\":{\"@type\":\"ImageObject\",\"inLanguage\":\"es\",\"@id\":\"https:\\\/\\\/patagoniambiental.com.ar\\\/info\\\/#\\\/schema\\\/logo\\\/image\\\/\",\"url\":\"https:\\\/\\\/patagoniambiental.com.ar\\\/info\\\/wp-content\\\/uploads\\\/2025\\\/05\\\/LOGO-PATAGONIA-AMBIENTAL.png\",\"contentUrl\":\"https:\\\/\\\/patagoniambiental.com.ar\\\/info\\\/wp-content\\\/uploads\\\/2025\\\/05\\\/LOGO-PATAGONIA-AMBIENTAL.png\",\"width\":433,\"height\":250,\"caption\":\"Patagonia Ambiental\"},\"image\":{\"@id\":\"https:\\\/\\\/patagoniambiental.com.ar\\\/info\\\/#\\\/schema\\\/logo\\\/image\\\/\"},\"sameAs\":[\"https:\\\/\\\/www.facebook.com\\\/patagonia.ambiental\",\"https:\\\/\\\/x.com\\\/PatAmb\"]}]}<\/script>\n<!-- \/ Yoast SEO Premium plugin. -->","yoast_head_json":{"title":"Acerca de Patagonia Ambiental |","robots":{"index":"index","follow":"follow","max-snippet":"max-snippet:-1","max-image-preview":"max-image-preview:large","max-video-preview":"max-video-preview:-1"},"canonical":"https:\/\/patagoniambiental.com.ar\/info\/acerca-nuestro\/","og_locale":"es_ES","og_type":"article","og_title":"Acerca de Patagonia Ambiental","og_description":"Patagonia Ambiental es un portal web\u00a0 para el monitoreo y an\u00e1lisis constante de la situaci\u00f3n geopol\u00edtica en el mundo y [&hellip;]","og_url":"https:\/\/patagoniambiental.com.ar\/info\/acerca-nuestro\/","og_site_name":"Patagonia Ambiental","article_publisher":"https:\/\/www.facebook.com\/patagonia.ambiental","article_modified_time":"2021-07-16T13:48:03+00:00","twitter_card":"summary_large_image","twitter_site":"@PatAmb","schema":{"@context":"https:\/\/schema.org","@graph":[{"@type":"WebPage","@id":"https:\/\/patagoniambiental.com.ar\/info\/acerca-nuestro\/","url":"https:\/\/patagoniambiental.com.ar\/info\/acerca-nuestro\/","name":"Acerca de Patagonia Ambiental |","isPartOf":{"@id":"https:\/\/patagoniambiental.com.ar\/info\/#website"},"datePublished":"2014-11-05T15:52:14+00:00","dateModified":"2021-07-16T13:48:03+00:00","breadcrumb":{"@id":"https:\/\/patagoniambiental.com.ar\/info\/acerca-nuestro\/#breadcrumb"},"inLanguage":"es","potentialAction":[{"@type":"ReadAction","target":["https:\/\/patagoniambiental.com.ar\/info\/acerca-nuestro\/"]}]},{"@type":"BreadcrumbList","@id":"https:\/\/patagoniambiental.com.ar\/info\/acerca-nuestro\/#breadcrumb","itemListElement":[{"@type":"ListItem","position":1,"name":"Inicio","item":"https:\/\/patagoniambiental.com.ar\/info\/"},{"@type":"ListItem","position":2,"name":"Acerca de Patagonia Ambiental"}]},{"@type":"WebSite","@id":"https:\/\/patagoniambiental.com.ar\/info\/#website","url":"https:\/\/patagoniambiental.com.ar\/info\/","name":"Patagonia Ambiental","description":"Monitoreo y an\u00e1lisis de la situaci\u00f3n geopol\u00edtica en el mundo y su implicancia en la Patagonia","publisher":{"@id":"https:\/\/patagoniambiental.com.ar\/info\/#organization"},"potentialAction":[{"@type":"SearchAction","target":{"@type":"EntryPoint","urlTemplate":"https:\/\/patagoniambiental.com.ar\/info\/?s={search_term_string}"},"query-input":{"@type":"PropertyValueSpecification","valueRequired":true,"valueName":"search_term_string"}}],"inLanguage":"es"},{"@type":"Organization","@id":"https:\/\/patagoniambiental.com.ar\/info\/#organization","name":"Patagonia Ambiental","url":"https:\/\/patagoniambiental.com.ar\/info\/","logo":{"@type":"ImageObject","inLanguage":"es","@id":"https:\/\/patagoniambiental.com.ar\/info\/#\/schema\/logo\/image\/","url":"https:\/\/patagoniambiental.com.ar\/info\/wp-content\/uploads\/2025\/05\/LOGO-PATAGONIA-AMBIENTAL.png","contentUrl":"https:\/\/patagoniambiental.com.ar\/info\/wp-content\/uploads\/2025\/05\/LOGO-PATAGONIA-AMBIENTAL.png","width":433,"height":250,"caption":"Patagonia Ambiental"},"image":{"@id":"https:\/\/patagoniambiental.com.ar\/info\/#\/schema\/logo\/image\/"},"sameAs":["https:\/\/www.facebook.com\/patagonia.ambiental","https:\/\/x.com\/PatAmb"]}]}},"_links":{"self":[{"href":"https:\/\/patagoniambiental.com.ar\/info\/wp-json\/wp\/v2\/pages\/5064","targetHints":{"allow":["GET"]}}],"collection":[{"href":"https:\/\/patagoniambiental.com.ar\/info\/wp-json\/wp\/v2\/pages"}],"about":[{"href":"https:\/\/patagoniambiental.com.ar\/info\/wp-json\/wp\/v2\/types\/page"}],"author":[{"embeddable":true,"href":"https:\/\/patagoniambiental.com.ar\/info\/wp-json\/wp\/v2\/users\/2"}],"replies":[{"embeddable":true,"href":"https:\/\/patagoniambiental.com.ar\/info\/wp-json\/wp\/v2\/comments?post=5064"}],"version-history":[{"count":0,"href":"https:\/\/patagoniambiental.com.ar\/info\/wp-json\/wp\/v2\/pages\/5064\/revisions"}],"wp:attachment":[{"href":"https:\/\/patagoniambiental.com.ar\/info\/wp-json\/wp\/v2\/media?parent=5064"}],"curies":[{"name":"wp","href":"https:\/\/api.w.org\/{rel}","templated":true}]}}