{"id":89223,"date":"2024-08-31T11:05:46","date_gmt":"2024-08-31T14:05:46","guid":{"rendered":"https:\/\/patagoniambiental.com.ar\/info\/?page_id=89223"},"modified":"2024-09-07T10:09:56","modified_gmt":"2024-09-07T13:09:56","slug":"efemerides-ambientales","status":"publish","type":"page","link":"https:\/\/patagoniambiental.com.ar\/info\/efemerides-ambientales\/","title":{"rendered":"Efem\u00e9rides Ambientales"},"content":{"rendered":"\t\t<div data-elementor-type=\"wp-page\" data-elementor-id=\"89223\" class=\"elementor elementor-89223\" data-elementor-post-type=\"page\">\n\t\t\t\t<div class=\"elementor-element elementor-element-71e402a e-flex e-con-boxed e-con e-parent\" data-id=\"71e402a\" data-element_type=\"container\" data-e-type=\"container\">\n\t\t\t\t\t<div class=\"e-con-inner\">\n\t\t<div class=\"elementor-element elementor-element-d1e0655 e-con-full e-flex e-con e-child\" data-id=\"d1e0655\" data-element_type=\"container\" data-e-type=\"container\">\n\t\t\t\t<div class=\"elementor-element elementor-element-b4f1ed1 elementor-widget elementor-widget-heading\" data-id=\"b4f1ed1\" data-element_type=\"widget\" data-e-type=\"widget\" data-widget_type=\"heading.default\">\n\t\t\t\t\t<h1 class=\"elementor-heading-title elementor-size-default\">Efem\u00e9rides Ambientales<\/h1>\t\t\t\t<\/div>\n\t\t\t\t<div class=\"elementor-element elementor-element-7b12c5a elementor-widget elementor-widget-text-editor\" data-id=\"7b12c5a\" data-element_type=\"widget\" data-e-type=\"widget\" data-widget_type=\"text-editor.default\">\n\t\t\t\t\t\t\t\t\t<p>Febrero<br \/>2 D\u00eda Mundial de los Humedales<br \/>14 D\u00eda de la Energ\u00eda<\/p><p>Marzo<br \/>7 D\u00eda del Campo<br \/>14 D\u00eda Mundial de Acci\u00f3n Contra las Represas, a Favor de los R\u00edos, el Agua y la Vida<br \/>21 D\u00eda Forestal Mundial<br \/>22 D\u00eda Mundial del Agua<br \/>23 D\u00eda Meteorol\u00f3gico Mundial<br \/>31 D\u00eda del Comportamiento Humano \/ D\u00eda Nacional del Agua<\/p><p>Abril<br \/>7 D\u00eda Mundial de la Salud<br \/>19 D\u00eda del Abor\u00edgen<br \/>22 D\u00eda de la Tierra<br \/>26 Accidente Nuclear de Chernobyl (1986)<br \/>29 D\u00eda del Animal<\/p><p>Mayo<br \/>4 D\u00eda Internacional del Combatiente de Incendios Forestales<br \/>7 D\u00eda de la Miner\u00eda<br \/>9 D\u00eda Internacional de las Aves<br \/>9 D\u00eda Mundial de las Aves Migratorias<br \/>17 D\u00eda del Horticultor<br \/>22 D\u00eda Internacional de la Diversidad Biol\u00f3gica<br \/>31 D\u00eda Mundial Sin Tabaco<\/p><p>Junio<br \/>5 D\u00eda Mundial del Ambiente<br \/>8 D\u00eda Mundial de los Oc\u00e9anos<br \/>17 D\u00eda Mundial de Lucha contra la Desertificaci\u00f3n y la Sequ\u00eda<\/p><p>Julio<br \/>2 D\u00eda de la Agricultura Nacional<br \/>7 D\u00eda de la Conservaci\u00f3n del Suelo<br \/>11 D\u00eda Mundial de la Poblaci\u00f3n<br \/>1\u00ba S\u00e1bado D\u00eda Universal de la Cooperaci\u00f3n<\/p><p>Agosto<br \/>9 D\u00eda Internacional de las Poblaciones Ind\u00edgenas<br \/>29 D\u00eda del Arbol<\/p><p>Septiembre<br \/>3 D\u00eda de la Higiene\u00a0<\/p><p>6 D\u00eda Mundial de las Aves Playeras<\/p><p>9 Dia de la Agricultra<\/p><h5><span style=\"font-size: 1.2em; color: var( --e-global-color-text ); font-weight: var( --e-global-typography-text-font-weight ); text-align: var(--text-align);\">16 D\u00eda Internacional de la Protecci\u00f3n de la Capa de Ozono<\/span><\/h5><p>21 D\u00eda Internacional de la Paz<br \/>27 D\u00eda Nacional de la Conciencia Ambiental<br \/>1 al 30 Campa\u00f1a Mundial \u00abA Limpiar el Mundo\u00bb<br \/>Ultima semana D\u00eda Mar\u00edtimo Mundial<\/p><p>Octubre<br \/>1 D\u00eda del Mar y la Riqueza Pesquera<br \/>4 San Francisco de As\u00eds (Patrono de la Ecolog\u00eda)<br \/>5 D\u00eda Nacional del Ave<br \/>9 D\u00eda del Guardaparque Nacional<br \/>16 D\u00eda Mundial de la Alimentaci\u00f3n<br \/>17 D\u00eda Internacional para la Erradicaci\u00f3n de la Pobreza<br \/>18 D\u00eda de la Protecci\u00f3n a la Naturaleza<br \/>24 D\u00eda Mundial de Informaci\u00f3n sobre el Desarrollo<br \/>1\u00ba Lunes D\u00eda Mundial del H\u00e1bitat<br \/>2\u00b0 viernes D\u00eda de los Jardines Bot\u00e1nicos<br \/>1\u00ba S\u00e1bado D\u00eda Interamericano del Agua<br \/>2\u00ba mi\u00e9rcoles D\u00eda Internacional para la Reducci\u00f3n de los Desastres Naturales<\/p><p>Noviembre<br \/>6 D\u00eda de los Parques Nacionales<br \/>8 D\u00eda del Urbanismo<br \/>22 D\u00eda de la Flor Nacional (El Ceibo)<br \/>3\u00ba Jueves D\u00eda del Aire Puro<\/p><p>Diciembre<br \/>5 D\u00eda Internacional de los Voluntarios para el Desarrollo Econ\u00f3mico y Social<br \/>11 D\u00eda Internacional de las Monta\u00f1as<br \/>15 Creaci\u00f3n del Programa de Naciones Unidas para el Medio Ambiente (PNUMA)<\/p>\t\t\t\t\t\t\t\t<\/div>\n\t\t\t\t<\/div>\n\t\t<div class=\"elementor-element elementor-element-1d64237 e-con-full e-flex e-con e-child\" data-id=\"1d64237\" data-element_type=\"container\" data-e-type=\"container\">\n\t\t\t\t<div class=\"elementor-element elementor-element-bb4dda1 elementor-widget elementor-widget-sidebar\" data-id=\"bb4dda1\" data-element_type=\"widget\" data-e-type=\"widget\" data-widget_type=\"sidebar.default\">\n\t\t\t\t\t<aside id=\"custom_html-9\" class=\"widget_text widget widget_custom_html\"><div class=\"textwidget custom-html-widget\"><a href=\"https:\/\/patagoniambiental.com.ar\/info\/directorio-de-empresas\/\" target=\"_blank\"><img loading=\"lazy\" loading=\"lazy\" decoding=\"async\" width=\"320\" height=\"320\" src=\"https:\/\/patagoniambiental.com.ar\/info\/wp-content\/uploads\/2025\/08\/Poster-Directorio-nuevo.webp\" class=\"image wp-image-89720  attachment-full size-full\" alt=\"Directorio de Empresas Ambientales\" style=\"max-width: 100%; height: auto;\"><\/a><\/div><\/aside><aside id=\"custom_html-4\" class=\"widget_text widget widget_custom_html\"><div class=\"textwidget custom-html-widget\"><a href=\"https:\/\/patagones.gob.ar\/\" target=\"_blank\"><img loading=\"lazy\" loading=\"lazy\" decoding=\"async\" width=\"320\" height=\"320\" src=\"https:\/\/patagoniambiental.com.ar\/info\/wp-content\/uploads\/2024\/09\/MunicipalidadPatagones.jpeg\" class=\"image wp-image-89720  attachment-full size-full\" alt=\"Municipalidad de Patagones\" style=\"max-width: 100%; height: auto;\"><\/a><\/div><\/aside><aside id=\"custom_html-5\" class=\"widget_text widget widget_custom_html\"><div class=\"textwidget custom-html-widget\"><a href=\"#\" target=\"_blank\"><img loading=\"lazy\" loading=\"lazy\" decoding=\"async\" width=\"320\" height=\"320\" src=\"https:\/\/www.patagoniambiental.com.ar\/images\/tecnoplanta.jpg\" class=\"image wp-image-89720  attachment-full size-full\" alt=\"Tecnoplanta\" style=\"max-width: 100%; height: auto;\"><\/a><\/div><\/aside><aside id=\"custom_html-6\" class=\"widget_text widget widget_custom_html\"><div class=\"textwidget custom-html-widget\"><a href=\"https:\/\/viedma.gob.ar\/\" target=\"_blank\"><img loading=\"lazy\" loading=\"lazy\" decoding=\"async\" width=\"320\" height=\"320\" src=\"https:\/\/patagoniambiental.com.ar\/info\/wp-content\/uploads\/2025\/02\/viedma-03.png\" class=\"image wp-image-89720  attachment-full size-full\" alt=\"Tecnoplanta\" style=\"max-width: 100%; height: auto;\"><\/a><\/div><\/aside><aside id=\"custom_html-7\" class=\"widget_text widget widget_custom_html\"><div class=\"textwidget custom-html-widget\"><a href=\"https:\/\/www.instagram.com\/rionegro.textil\/\" target=\"_blank\"><img loading=\"lazy\" loading=\"lazy\" decoding=\"async\" width=\"320\" height=\"320\" src=\"https:\/\/patagoniambiental.com.ar\/info\/wp-content\/uploads\/2025\/08\/rionegro-textil.jpeg\" class=\"image wp-image-89720  attachment-full size-full\" alt=\"Tecnoplanta\" style=\"max-width: 100%; height: auto;\"><\/a><\/div><\/aside><aside id=\"custom_html-8\" class=\"widget_text widget widget_custom_html\"><div class=\"textwidget custom-html-widget\"><a href=\"https:\/\/maurotello.com.ar\" target=\"_blank\"><img loading=\"lazy\" loading=\"lazy\" decoding=\"async\" width=\"320\" height=\"320\" src=\"https:\/\/patagoniambiental.com.ar\/info\/wp-content\/uploads\/2025\/08\/MauroTelloPubli1.jpg\" class=\"image wp-image-89720  attachment-full size-full\" alt=\"Tecnoplanta\" style=\"max-width: 100%; height: auto;\"><\/a><\/div><\/aside>\t\t\t\t<\/div>\n\t\t\t\t<\/div>\n\t\t\t\t\t<\/div>\n\t\t\t\t<\/div>\n\t\t\t\t<\/div>\n\t\t","protected":false},"excerpt":{"rendered":"<p>Efem\u00e9rides Ambientales Febrero2 D\u00eda Mundial de los Humedales14 D\u00eda de la Energ\u00eda Marzo7 D\u00eda del Campo14 D\u00eda Mundial de Acci\u00f3n [&hellip;]<\/p>\n","protected":false},"author":2,"featured_media":0,"parent":0,"menu_order":0,"comment_status":"closed","ping_status":"closed","template":"elementor_header_footer","meta":{"site-sidebar-layout":"default","site-content-layout":"","ast-site-content-layout":"default","site-content-style":"default","site-sidebar-style":"default","ast-global-header-display":"","ast-banner-title-visibility":"","ast-main-header-display":"","ast-hfb-above-header-display":"","ast-hfb-below-header-display":"","ast-hfb-mobile-header-display":"","site-post-title":"","ast-breadcrumbs-content":"","ast-featured-img":"","footer-sml-layout":"","ast-disable-related-posts":"","theme-transparent-header-meta":"","adv-header-id-meta":"","stick-header-meta":"","header-above-stick-meta":"","header-main-stick-meta":"","header-below-stick-meta":"","astra-migrate-meta-layouts":"default","ast-page-background-enabled":"default","ast-page-background-meta":{"desktop":{"background-color":"var(--ast-global-color-5)","background-image":"","background-repeat":"repeat","background-position":"center center","background-size":"auto","background-attachment":"scroll","background-type":"","background-media":"","overlay-type":"","overlay-color":"","overlay-opacity":"","overlay-gradient":""},"tablet":{"background-color":"","background-image":"","background-repeat":"repeat","background-position":"center center","background-size":"auto","background-attachment":"scroll","background-type":"","background-media":"","overlay-type":"","overlay-color":"","overlay-opacity":"","overlay-gradient":""},"mobile":{"background-color":"","background-image":"","background-repeat":"repeat","background-position":"center center","background-size":"auto","background-attachment":"scroll","background-type":"","background-media":"","overlay-type":"","overlay-color":"","overlay-opacity":"","overlay-gradient":""}},"ast-content-background-meta":{"desktop":{"background-color":"var(--ast-global-color-4)","background-image":"","background-repeat":"repeat","background-position":"center center","background-size":"auto","background-attachment":"scroll","background-type":"","background-media":"","overlay-type":"","overlay-color":"","overlay-opacity":"","overlay-gradient":""},"tablet":{"background-color":"var(--ast-global-color-4)","background-image":"","background-repeat":"repeat","background-position":"center center","background-size":"auto","background-attachment":"scroll","background-type":"","background-media":"","overlay-type":"","overlay-color":"","overlay-opacity":"","overlay-gradient":""},"mobile":{"background-color":"var(--ast-global-color-4)","background-image":"","background-repeat":"repeat","background-position":"center center","background-size":"auto","background-attachment":"scroll","background-type":"","background-media":"","overlay-type":"","overlay-color":"","overlay-opacity":"","overlay-gradient":""}},"footnotes":""},"class_list":["post-89223","page","type-page","status-publish","hentry"],"yoast_head":"<!-- This site is optimized with the Yoast SEO Premium plugin v23.0 (Yoast SEO v27.3) - https:\/\/yoast.com\/product\/yoast-seo-premium-wordpress\/ -->\n<title>Efem\u00e9rides Ambientales |<\/title>\n<meta name=\"robots\" content=\"index, follow, max-snippet:-1, max-image-preview:large, max-video-preview:-1\" \/>\n<link rel=\"canonical\" href=\"https:\/\/patagoniambiental.com.ar\/info\/efemerides-ambientales\/\" \/>\n<meta property=\"og:locale\" content=\"es_ES\" \/>\n<meta property=\"og:type\" content=\"article\" \/>\n<meta property=\"og:title\" content=\"Efem\u00e9rides Ambientales\" \/>\n<meta property=\"og:description\" content=\"Efem\u00e9rides Ambientales Febrero2 D\u00eda Mundial de los Humedales14 D\u00eda de la Energ\u00eda Marzo7 D\u00eda del Campo14 D\u00eda Mundial de Acci\u00f3n [&hellip;]\" \/>\n<meta property=\"og:url\" content=\"https:\/\/patagoniambiental.com.ar\/info\/efemerides-ambientales\/\" \/>\n<meta property=\"og:site_name\" content=\"Patagonia Ambiental\" \/>\n<meta property=\"article:publisher\" content=\"https:\/\/www.facebook.com\/patagonia.ambiental\" \/>\n<meta property=\"article:modified_time\" content=\"2024-09-07T13:09:56+00:00\" \/>\n<meta name=\"twitter:card\" content=\"summary_large_image\" \/>\n<meta name=\"twitter:site\" content=\"@PatAmb\" \/>\n<script type=\"application\/ld+json\" class=\"yoast-schema-graph\">{\"@context\":\"https:\\\/\\\/schema.org\",\"@graph\":[{\"@type\":\"WebPage\",\"@id\":\"https:\\\/\\\/patagoniambiental.com.ar\\\/info\\\/efemerides-ambientales\\\/\",\"url\":\"https:\\\/\\\/patagoniambiental.com.ar\\\/info\\\/efemerides-ambientales\\\/\",\"name\":\"Efem\u00e9rides Ambientales |\",\"isPartOf\":{\"@id\":\"https:\\\/\\\/patagoniambiental.com.ar\\\/info\\\/#website\"},\"datePublished\":\"2024-08-31T14:05:46+00:00\",\"dateModified\":\"2024-09-07T13:09:56+00:00\",\"breadcrumb\":{\"@id\":\"https:\\\/\\\/patagoniambiental.com.ar\\\/info\\\/efemerides-ambientales\\\/#breadcrumb\"},\"inLanguage\":\"es\",\"potentialAction\":[{\"@type\":\"ReadAction\",\"target\":[\"https:\\\/\\\/patagoniambiental.com.ar\\\/info\\\/efemerides-ambientales\\\/\"]}]},{\"@type\":\"BreadcrumbList\",\"@id\":\"https:\\\/\\\/patagoniambiental.com.ar\\\/info\\\/efemerides-ambientales\\\/#breadcrumb\",\"itemListElement\":[{\"@type\":\"ListItem\",\"position\":1,\"name\":\"Inicio\",\"item\":\"https:\\\/\\\/patagoniambiental.com.ar\\\/info\\\/\"},{\"@type\":\"ListItem\",\"position\":2,\"name\":\"Efem\u00e9rides Ambientales\"}]},{\"@type\":\"WebSite\",\"@id\":\"https:\\\/\\\/patagoniambiental.com.ar\\\/info\\\/#website\",\"url\":\"https:\\\/\\\/patagoniambiental.com.ar\\\/info\\\/\",\"name\":\"Patagonia Ambiental\",\"description\":\"Monitoreo y an\u00e1lisis de la situaci\u00f3n geopol\u00edtica en el mundo y su implicancia en la Patagonia\",\"publisher\":{\"@id\":\"https:\\\/\\\/patagoniambiental.com.ar\\\/info\\\/#organization\"},\"potentialAction\":[{\"@type\":\"SearchAction\",\"target\":{\"@type\":\"EntryPoint\",\"urlTemplate\":\"https:\\\/\\\/patagoniambiental.com.ar\\\/info\\\/?s={search_term_string}\"},\"query-input\":{\"@type\":\"PropertyValueSpecification\",\"valueRequired\":true,\"valueName\":\"search_term_string\"}}],\"inLanguage\":\"es\"},{\"@type\":\"Organization\",\"@id\":\"https:\\\/\\\/patagoniambiental.com.ar\\\/info\\\/#organization\",\"name\":\"Patagonia Ambiental\",\"url\":\"https:\\\/\\\/patagoniambiental.com.ar\\\/info\\\/\",\"logo\":{\"@type\":\"ImageObject\",\"inLanguage\":\"es\",\"@id\":\"https:\\\/\\\/patagoniambiental.com.ar\\\/info\\\/#\\\/schema\\\/logo\\\/image\\\/\",\"url\":\"https:\\\/\\\/patagoniambiental.com.ar\\\/info\\\/wp-content\\\/uploads\\\/2025\\\/05\\\/LOGO-PATAGONIA-AMBIENTAL.png\",\"contentUrl\":\"https:\\\/\\\/patagoniambiental.com.ar\\\/info\\\/wp-content\\\/uploads\\\/2025\\\/05\\\/LOGO-PATAGONIA-AMBIENTAL.png\",\"width\":433,\"height\":250,\"caption\":\"Patagonia Ambiental\"},\"image\":{\"@id\":\"https:\\\/\\\/patagoniambiental.com.ar\\\/info\\\/#\\\/schema\\\/logo\\\/image\\\/\"},\"sameAs\":[\"https:\\\/\\\/www.facebook.com\\\/patagonia.ambiental\",\"https:\\\/\\\/x.com\\\/PatAmb\"]}]}<\/script>\n<!-- \/ Yoast SEO Premium plugin. -->","yoast_head_json":{"title":"Efem\u00e9rides Ambientales |","robots":{"index":"index","follow":"follow","max-snippet":"max-snippet:-1","max-image-preview":"max-image-preview:large","max-video-preview":"max-video-preview:-1"},"canonical":"https:\/\/patagoniambiental.com.ar\/info\/efemerides-ambientales\/","og_locale":"es_ES","og_type":"article","og_title":"Efem\u00e9rides Ambientales","og_description":"Efem\u00e9rides Ambientales Febrero2 D\u00eda Mundial de los Humedales14 D\u00eda de la Energ\u00eda Marzo7 D\u00eda del Campo14 D\u00eda Mundial de Acci\u00f3n [&hellip;]","og_url":"https:\/\/patagoniambiental.com.ar\/info\/efemerides-ambientales\/","og_site_name":"Patagonia Ambiental","article_publisher":"https:\/\/www.facebook.com\/patagonia.ambiental","article_modified_time":"2024-09-07T13:09:56+00:00","twitter_card":"summary_large_image","twitter_site":"@PatAmb","schema":{"@context":"https:\/\/schema.org","@graph":[{"@type":"WebPage","@id":"https:\/\/patagoniambiental.com.ar\/info\/efemerides-ambientales\/","url":"https:\/\/patagoniambiental.com.ar\/info\/efemerides-ambientales\/","name":"Efem\u00e9rides Ambientales |","isPartOf":{"@id":"https:\/\/patagoniambiental.com.ar\/info\/#website"},"datePublished":"2024-08-31T14:05:46+00:00","dateModified":"2024-09-07T13:09:56+00:00","breadcrumb":{"@id":"https:\/\/patagoniambiental.com.ar\/info\/efemerides-ambientales\/#breadcrumb"},"inLanguage":"es","potentialAction":[{"@type":"ReadAction","target":["https:\/\/patagoniambiental.com.ar\/info\/efemerides-ambientales\/"]}]},{"@type":"BreadcrumbList","@id":"https:\/\/patagoniambiental.com.ar\/info\/efemerides-ambientales\/#breadcrumb","itemListElement":[{"@type":"ListItem","position":1,"name":"Inicio","item":"https:\/\/patagoniambiental.com.ar\/info\/"},{"@type":"ListItem","position":2,"name":"Efem\u00e9rides Ambientales"}]},{"@type":"WebSite","@id":"https:\/\/patagoniambiental.com.ar\/info\/#website","url":"https:\/\/patagoniambiental.com.ar\/info\/","name":"Patagonia Ambiental","description":"Monitoreo y an\u00e1lisis de la situaci\u00f3n geopol\u00edtica en el mundo y su implicancia en la Patagonia","publisher":{"@id":"https:\/\/patagoniambiental.com.ar\/info\/#organization"},"potentialAction":[{"@type":"SearchAction","target":{"@type":"EntryPoint","urlTemplate":"https:\/\/patagoniambiental.com.ar\/info\/?s={search_term_string}"},"query-input":{"@type":"PropertyValueSpecification","valueRequired":true,"valueName":"search_term_string"}}],"inLanguage":"es"},{"@type":"Organization","@id":"https:\/\/patagoniambiental.com.ar\/info\/#organization","name":"Patagonia Ambiental","url":"https:\/\/patagoniambiental.com.ar\/info\/","logo":{"@type":"ImageObject","inLanguage":"es","@id":"https:\/\/patagoniambiental.com.ar\/info\/#\/schema\/logo\/image\/","url":"https:\/\/patagoniambiental.com.ar\/info\/wp-content\/uploads\/2025\/05\/LOGO-PATAGONIA-AMBIENTAL.png","contentUrl":"https:\/\/patagoniambiental.com.ar\/info\/wp-content\/uploads\/2025\/05\/LOGO-PATAGONIA-AMBIENTAL.png","width":433,"height":250,"caption":"Patagonia Ambiental"},"image":{"@id":"https:\/\/patagoniambiental.com.ar\/info\/#\/schema\/logo\/image\/"},"sameAs":["https:\/\/www.facebook.com\/patagonia.ambiental","https:\/\/x.com\/PatAmb"]}]}},"_links":{"self":[{"href":"https:\/\/patagoniambiental.com.ar\/info\/wp-json\/wp\/v2\/pages\/89223","targetHints":{"allow":["GET"]}}],"collection":[{"href":"https:\/\/patagoniambiental.com.ar\/info\/wp-json\/wp\/v2\/pages"}],"about":[{"href":"https:\/\/patagoniambiental.com.ar\/info\/wp-json\/wp\/v2\/types\/page"}],"author":[{"embeddable":true,"href":"https:\/\/patagoniambiental.com.ar\/info\/wp-json\/wp\/v2\/users\/2"}],"replies":[{"embeddable":true,"href":"https:\/\/patagoniambiental.com.ar\/info\/wp-json\/wp\/v2\/comments?post=89223"}],"version-history":[{"count":0,"href":"https:\/\/patagoniambiental.com.ar\/info\/wp-json\/wp\/v2\/pages\/89223\/revisions"}],"wp:attachment":[{"href":"https:\/\/patagoniambiental.com.ar\/info\/wp-json\/wp\/v2\/media?parent=89223"}],"curies":[{"name":"wp","href":"https:\/\/api.w.org\/{rel}","templated":true}]}}