{"id":95221,"date":"2025-05-17T21:26:09","date_gmt":"2025-05-18T00:26:09","guid":{"rendered":"https:\/\/patagoniambiental.com.ar\/info\/sign-in\/"},"modified":"2025-05-17T22:21:29","modified_gmt":"2025-05-18T01:21:29","slug":"sign-in","status":"publish","type":"page","link":"https:\/\/patagoniambiental.com.ar\/info\/sign-in\/","title":{"rendered":"Sign In"},"content":{"rendered":"<div class=\"directorist-w-100\">\n    <div class=\"directorist-container-fluid\">\n        <div class=\"directorist-row\">\n            <div class=\"directorist-col-md-6 directorist-offset-md-3 directorist-login-wrapper directorist-authentication active\">\n                <div class=\"atbdp_login_form_shortcode directorist-authentication__form\">\n\n                    \n                    \n                    \n                                            <form action=\"#\" id=\"directorist__authentication__login\" method=\"POST\" class=\"directorist__authentication__signin\">\n                            <p class=\"status\"><\/p>\n                            <div class=\"directorist-form-group directorist-mb-15\">\n                                <label for=\"directorist__authentication__signin__username\">Nombre de usuario o correo electr\u00f3nico<\/label>\n                                <input type=\"text\" class=\"directorist-form-element\" id=\"username\" name=\"username\" \/>\n                            <\/div>\n\n                            <div class=\"directorist-form-group directorist-password-group\">\n                                <label for=\"directorist__authentication__signin__password\">Contrase\u00f1a<\/label>\n                                <input type=\"password\" id=\"password\" autocomplete=\"off\" name=\"password\" class=\"directorist-form-element directorist-password-group-input\"\/>\n                                <span class=\"directorist-password-group-toggle\">\n                                    <svg class=\"directorist-password-group-eyeIcon\" xmlns=\"http:\/\/www.w3.org\/2000\/svg\" width=\"22\" height=\"22\" fill=\"none\" viewBox=\"0 0 24 24\">\n                                        <path stroke=\"#888\" stroke-width=\"2\" d=\"M1.5 12S5.5 5.5 12 5.5 22.5 12 22.5 12 18.5 18.5 12 18.5 1.5 12 1.5 12Z\"\/>\n                                        <circle cx=\"12\" cy=\"12\" r=\"3.5\" stroke=\"#888\" stroke-width=\"2\"\/>\n                                    <\/svg>\n                                <\/span>\n                            <\/div>\n                            <div class=\"directorist-authentication__form__actions\">\n\n                                                                    <div class=\"keep_signed directorist-checkbox\">\n                                        <input type=\"checkbox\" id=\"directorist_login_keep_signed_in\" value=\"1\" name=\"keep_signed_in\" checked \/>\n                                        <label for=\"directorist_login_keep_signed_in\" class=\"directorist-checkbox__label not_empty\">\n                                            Recu\u00e9rdame                                        <\/label>\n                                    <\/div>\n                                \n                                <a href='' class='atbdp_recovery_pass'> Recuperar la contrase\u00f1a<\/a>                            <\/div>\n\n                            <div class=\"directorist-form-group atbd_login_btn_wrapper directorist-mb-15 directorist-authentication__form__btn-wrapper\">\n                                <button class=\"directorist-btn directorist-btn-block directorist-authentication__form__btn\" type=\"submit\" value=\"Acceder\" name=\"submit\" aria-label=\"Signin Button\">Acceder<\/button>\n                                <input type=\"hidden\" id=\"security\" name=\"security\" value=\"a868c9d2a0\" \/><input type=\"hidden\" name=\"_wp_http_referer\" value=\"\/info\/wp-json\/wp\/v2\/pages\/95221\" \/>                            <\/div>\n                        <\/form>\n\n                        <div class=\"atbd_social_login\">\n                                                    <\/div>\n\n                                                    <div class=\"directorist-authentication__form__toggle-area\">\n                                \u00bfNo tienes una cuenta?                                <button class=\"directorist-authentication__btn directorist-authentication__btn--signup\" aria-label=\"Signup Button\">Reg\u00edstrate<\/button>\n                            <\/div>\n                        \n                        \n                        <div id=\"recover-pass-modal\" class=\"directorist-mt-15 directorist-authentication__form__recover-pass-modal\">\n                            <form action=\"#\" method=\"post\">\n                                <fieldset class=\"directorist-form-group\">\n                                    <p>\u00bfPerdiste tu contrase\u00f1a? Por favor, introduce tu direcci\u00f3n de correo electr\u00f3nico. Recibir\u00e1s un enlace para crear una nueva contrase\u00f1a por correo electr\u00f3nico.<\/p>\n                                    <label for=\"reset_user_login\">Correo electr\u00f3nico<\/label>\n                                    <input type=\"text\" class=\"directorist-mb-15 directorist-form-element\" name=\"user_login\" id=\"reset_user_login\" value=\"\" placeholder=\"p.ej. mail@example.com\" required=\"required\" \/>\n                                    <div class=\"directorist-authentication__form__btn-wrapper\">\n                                        <input type=\"hidden\" name=\"action\" value=\"reset\" \/>\n                                        <button type=\"submit\" class=\"directorist-btn directorist-authentication__form__btn\" id=\"directorist__authentication__submit\" aria-label=\"Recover Password Button\">Obtener una contrase\u00f1a nueva<\/button>\n                                        <input type=\"hidden\" value=\"2870632ec8\" name=\"directorist_nonce\">\n                                    <\/div>\n                                <\/fieldset>\n                            <\/form>\n                        <\/div>\n                                    <\/div><!-- \/.atbdp_login_form_shortcode -->\n            <\/div>\n\n                        <div class=\"directorist-col-md-6 directorist-offset-md-3 directorist-registration-wrapper directorist-authentication \">\n                <div class=\"directory_register_form_wrap directorist-authentication__form\">\n                    <div class=\"add_listing_title atbd_success_mesage directorist-authentication__message\">\n                                                <!--Registration failed, so show notification.-->\n                        <p style=\"padding: 20px; display:none;\" class=\"alert-danger directorist-register-error\"><i class=\"directorist-icon-mask\" aria-hidden=\"true\" style=\"--directorist-icon: url(https:\/\/patagoniambiental.com.ar\/info\/wp-content\/plugins\/directorist\/assets\/icons\/line-awesome\/svgs\/exclamation-triangle-solid.svg)\"><\/i><\/p>\n                    <\/div>\n                    <form action=\"#\" method=\"post\" class=\"directorist__authentication__signup\">\n                        <div class=\"directorist-form-group directorist-mb-35\">\n                            <label for=\"directorist__authentication__signup__username\">Nombre de usuario <strong class=\"directorist-form-required\">*<\/strong><\/label>\n                            <input id=\"directorist__authentication__signup__username\" class=\"directorist-form-element\" type=\"text\" name=\"username\" value=\"\" required>\n                        <\/div>\n                        <div class=\"directorist-form-group directorist-mb-35\">\n                            <label for=\"directorist__authentication__signup__email\">Correo eletr\u00f3nico <strong class=\"directorist-form-required\">*<\/strong><\/label>\n                            <input id=\"directorist__authentication__signup__email\" class=\"directorist-form-element\" type=\"text\" name=\"email\" value=\"\" required>\n                        <\/div>\n                                                    <div class=\"directorist-form-group directorist-mb-35\">\n                                <label for=\"directorist__authentication__signup__password\">Contrase\u00f1a<strong class=\"directorist-form-required\">*<\/strong><\/label>\n                                <input id=\"directorist__authentication__signup__password\" class=\"directorist-form-element\" type=\"password\" name=\"password\" value=\"\" required>\n                            <\/div>\n                                                                                                                        \n                        \n                                                    <div class=\"atbd_privacy_policy_area directory_regi_btn directorist-checkbox directorist-mb-20\">\n                                <input id=\"directorist__authentication__signup__privacy_policy\" type=\"checkbox\" name=\"privacy_policy\" >\n                                <label for=\"directorist__authentication__signup__privacy_policy\" class=\"directorist-checkbox__label\">Estoy de acuerdo con la  <a style=\"color: red\" target=\"_blank\" href=\"https:\/\/patagoniambiental.com.ar\/info\">Pol\u00edtica de privacidad<\/a> <span class=\"directorist-form-required\">*<\/span><\/label>\n                            <\/div>\n                                                                            <div class=\"atbd_term_and_condition_area directory_regi_btn directorist-checkbox directorist-mb-30\">\n                                <input id=\"directorist__authentication__signup__listing_t\" type=\"checkbox\" name=\"t_c_check\" >\n                                <label for=\"directorist__authentication__signup__listing_t\" class=\"directorist-checkbox__label\">Estoy de acuerdo con todos                                    <a style=\"color: red\" target=\"_blank\" href=\"https:\/\/patagoniambiental.com.ar\/info\">t\u00e9rminos y condiciones<\/a> <span class=\"directorist-form-required\">*<\/span><\/label>\n                            <\/div>\n                        \n                                                <div class=\"directory_regi_btn directorist-mb-15\">\n                                                        <input type=\"hidden\" value=\"2870632ec8\" name=\"directorist_nonce\">\n                            <a class=\"directorist-btn directorist-authentication__form__btn\" href=\"#\">Reg\u00edstrate<\/a>\n                        <\/div>\n                        <div class=\"directory_regi_btn directorist-authentication__form__toggle-area\">\n                            <p>Already have an account? <button class=\"directorist-authentication__btn directorist-authentication__btn--signin\">Acceder<\/button><\/p>\n                        <\/div>\n                    <\/form>\n                <\/div>\n            <\/div>\n                    <\/div>\n    <\/div>\n<\/div>\n","protected":false},"excerpt":{"rendered":"","protected":false},"author":8,"featured_media":0,"parent":0,"menu_order":0,"comment_status":"closed","ping_status":"closed","template":"page-templates\/full-width.php","meta":{"site-sidebar-layout":"default","site-content-layout":"","ast-site-content-layout":"default","site-content-style":"default","site-sidebar-style":"default","ast-global-header-display":"","ast-banner-title-visibility":"","ast-main-header-display":"","ast-hfb-above-header-display":"","ast-hfb-below-header-display":"","ast-hfb-mobile-header-display":"","site-post-title":"","ast-breadcrumbs-content":"","ast-featured-img":"","footer-sml-layout":"","ast-disable-related-posts":"","theme-transparent-header-meta":"","adv-header-id-meta":"","stick-header-meta":"","header-above-stick-meta":"","header-main-stick-meta":"","header-below-stick-meta":"","astra-migrate-meta-layouts":"default","ast-page-background-enabled":"default","ast-page-background-meta":{"desktop":{"background-color":"var(--ast-global-color-5)","background-image":"","background-repeat":"repeat","background-position":"center center","background-size":"auto","background-attachment":"scroll","background-type":"","background-media":"","overlay-type":"","overlay-color":"","overlay-opacity":"","overlay-gradient":""},"tablet":{"background-color":"","background-image":"","background-repeat":"repeat","background-position":"center center","background-size":"auto","background-attachment":"scroll","background-type":"","background-media":"","overlay-type":"","overlay-color":"","overlay-opacity":"","overlay-gradient":""},"mobile":{"background-color":"","background-image":"","background-repeat":"repeat","background-position":"center center","background-size":"auto","background-attachment":"scroll","background-type":"","background-media":"","overlay-type":"","overlay-color":"","overlay-opacity":"","overlay-gradient":""}},"ast-content-background-meta":{"desktop":{"background-color":"var(--ast-global-color-4)","background-image":"","background-repeat":"repeat","background-position":"center center","background-size":"auto","background-attachment":"scroll","background-type":"","background-media":"","overlay-type":"","overlay-color":"","overlay-opacity":"","overlay-gradient":""},"tablet":{"background-color":"var(--ast-global-color-4)","background-image":"","background-repeat":"repeat","background-position":"center center","background-size":"auto","background-attachment":"scroll","background-type":"","background-media":"","overlay-type":"","overlay-color":"","overlay-opacity":"","overlay-gradient":""},"mobile":{"background-color":"var(--ast-global-color-4)","background-image":"","background-repeat":"repeat","background-position":"center center","background-size":"auto","background-attachment":"scroll","background-type":"","background-media":"","overlay-type":"","overlay-color":"","overlay-opacity":"","overlay-gradient":""}},"footnotes":""},"class_list":["post-95221","page","type-page","status-publish","hentry"],"yoast_head":"<!-- This site is optimized with the Yoast SEO Premium plugin v23.0 (Yoast SEO v27.4) - https:\/\/yoast.com\/product\/yoast-seo-premium-wordpress\/ -->\n<title>Sign In |<\/title>\n<meta name=\"robots\" content=\"index, follow, max-snippet:-1, max-image-preview:large, max-video-preview:-1\" \/>\n<link rel=\"canonical\" href=\"https:\/\/patagoniambiental.com.ar\/info\/sign-in\/\" \/>\n<meta property=\"og:locale\" content=\"es_ES\" \/>\n<meta property=\"og:type\" content=\"article\" \/>\n<meta property=\"og:title\" content=\"Sign In\" \/>\n<meta property=\"og:url\" content=\"https:\/\/patagoniambiental.com.ar\/info\/sign-in\/\" \/>\n<meta property=\"og:site_name\" content=\"Patagonia Ambiental\" \/>\n<meta property=\"article:publisher\" content=\"https:\/\/www.facebook.com\/patagonia.ambiental\" \/>\n<meta property=\"article:modified_time\" content=\"2025-05-18T01:21:29+00:00\" \/>\n<meta name=\"twitter:card\" content=\"summary_large_image\" \/>\n<meta name=\"twitter:site\" content=\"@PatAmb\" \/>\n<script type=\"application\/ld+json\" class=\"yoast-schema-graph\">{\"@context\":\"https:\\\/\\\/schema.org\",\"@graph\":[{\"@type\":\"WebPage\",\"@id\":\"https:\\\/\\\/patagoniambiental.com.ar\\\/info\\\/sign-in\\\/\",\"url\":\"https:\\\/\\\/patagoniambiental.com.ar\\\/info\\\/sign-in\\\/\",\"name\":\"Sign In |\",\"isPartOf\":{\"@id\":\"https:\\\/\\\/patagoniambiental.com.ar\\\/info\\\/#website\"},\"datePublished\":\"2025-05-18T00:26:09+00:00\",\"dateModified\":\"2025-05-18T01:21:29+00:00\",\"breadcrumb\":{\"@id\":\"https:\\\/\\\/patagoniambiental.com.ar\\\/info\\\/sign-in\\\/#breadcrumb\"},\"inLanguage\":\"es\",\"potentialAction\":[{\"@type\":\"ReadAction\",\"target\":[\"https:\\\/\\\/patagoniambiental.com.ar\\\/info\\\/sign-in\\\/\"]}]},{\"@type\":\"BreadcrumbList\",\"@id\":\"https:\\\/\\\/patagoniambiental.com.ar\\\/info\\\/sign-in\\\/#breadcrumb\",\"itemListElement\":[{\"@type\":\"ListItem\",\"position\":1,\"name\":\"Inicio\",\"item\":\"https:\\\/\\\/patagoniambiental.com.ar\\\/info\\\/\"},{\"@type\":\"ListItem\",\"position\":2,\"name\":\"Sign In\"}]},{\"@type\":\"WebSite\",\"@id\":\"https:\\\/\\\/patagoniambiental.com.ar\\\/info\\\/#website\",\"url\":\"https:\\\/\\\/patagoniambiental.com.ar\\\/info\\\/\",\"name\":\"Patagonia Ambiental\",\"description\":\"Monitoreo y an\u00e1lisis de la situaci\u00f3n geopol\u00edtica en el mundo y su implicancia en la Patagonia\",\"publisher\":{\"@id\":\"https:\\\/\\\/patagoniambiental.com.ar\\\/info\\\/#organization\"},\"potentialAction\":[{\"@type\":\"SearchAction\",\"target\":{\"@type\":\"EntryPoint\",\"urlTemplate\":\"https:\\\/\\\/patagoniambiental.com.ar\\\/info\\\/?s={search_term_string}\"},\"query-input\":{\"@type\":\"PropertyValueSpecification\",\"valueRequired\":true,\"valueName\":\"search_term_string\"}}],\"inLanguage\":\"es\"},{\"@type\":\"Organization\",\"@id\":\"https:\\\/\\\/patagoniambiental.com.ar\\\/info\\\/#organization\",\"name\":\"Patagonia Ambiental\",\"url\":\"https:\\\/\\\/patagoniambiental.com.ar\\\/info\\\/\",\"logo\":{\"@type\":\"ImageObject\",\"inLanguage\":\"es\",\"@id\":\"https:\\\/\\\/patagoniambiental.com.ar\\\/info\\\/#\\\/schema\\\/logo\\\/image\\\/\",\"url\":\"https:\\\/\\\/patagoniambiental.com.ar\\\/info\\\/wp-content\\\/uploads\\\/2025\\\/05\\\/LOGO-PATAGONIA-AMBIENTAL.png\",\"contentUrl\":\"https:\\\/\\\/patagoniambiental.com.ar\\\/info\\\/wp-content\\\/uploads\\\/2025\\\/05\\\/LOGO-PATAGONIA-AMBIENTAL.png\",\"width\":433,\"height\":250,\"caption\":\"Patagonia Ambiental\"},\"image\":{\"@id\":\"https:\\\/\\\/patagoniambiental.com.ar\\\/info\\\/#\\\/schema\\\/logo\\\/image\\\/\"},\"sameAs\":[\"https:\\\/\\\/www.facebook.com\\\/patagonia.ambiental\",\"https:\\\/\\\/x.com\\\/PatAmb\"]}]}<\/script>\n<!-- \/ Yoast SEO Premium plugin. -->","yoast_head_json":{"title":"Sign In |","robots":{"index":"index","follow":"follow","max-snippet":"max-snippet:-1","max-image-preview":"max-image-preview:large","max-video-preview":"max-video-preview:-1"},"canonical":"https:\/\/patagoniambiental.com.ar\/info\/sign-in\/","og_locale":"es_ES","og_type":"article","og_title":"Sign In","og_url":"https:\/\/patagoniambiental.com.ar\/info\/sign-in\/","og_site_name":"Patagonia Ambiental","article_publisher":"https:\/\/www.facebook.com\/patagonia.ambiental","article_modified_time":"2025-05-18T01:21:29+00:00","twitter_card":"summary_large_image","twitter_site":"@PatAmb","schema":{"@context":"https:\/\/schema.org","@graph":[{"@type":"WebPage","@id":"https:\/\/patagoniambiental.com.ar\/info\/sign-in\/","url":"https:\/\/patagoniambiental.com.ar\/info\/sign-in\/","name":"Sign In |","isPartOf":{"@id":"https:\/\/patagoniambiental.com.ar\/info\/#website"},"datePublished":"2025-05-18T00:26:09+00:00","dateModified":"2025-05-18T01:21:29+00:00","breadcrumb":{"@id":"https:\/\/patagoniambiental.com.ar\/info\/sign-in\/#breadcrumb"},"inLanguage":"es","potentialAction":[{"@type":"ReadAction","target":["https:\/\/patagoniambiental.com.ar\/info\/sign-in\/"]}]},{"@type":"BreadcrumbList","@id":"https:\/\/patagoniambiental.com.ar\/info\/sign-in\/#breadcrumb","itemListElement":[{"@type":"ListItem","position":1,"name":"Inicio","item":"https:\/\/patagoniambiental.com.ar\/info\/"},{"@type":"ListItem","position":2,"name":"Sign In"}]},{"@type":"WebSite","@id":"https:\/\/patagoniambiental.com.ar\/info\/#website","url":"https:\/\/patagoniambiental.com.ar\/info\/","name":"Patagonia Ambiental","description":"Monitoreo y an\u00e1lisis de la situaci\u00f3n geopol\u00edtica en el mundo y su implicancia en la Patagonia","publisher":{"@id":"https:\/\/patagoniambiental.com.ar\/info\/#organization"},"potentialAction":[{"@type":"SearchAction","target":{"@type":"EntryPoint","urlTemplate":"https:\/\/patagoniambiental.com.ar\/info\/?s={search_term_string}"},"query-input":{"@type":"PropertyValueSpecification","valueRequired":true,"valueName":"search_term_string"}}],"inLanguage":"es"},{"@type":"Organization","@id":"https:\/\/patagoniambiental.com.ar\/info\/#organization","name":"Patagonia Ambiental","url":"https:\/\/patagoniambiental.com.ar\/info\/","logo":{"@type":"ImageObject","inLanguage":"es","@id":"https:\/\/patagoniambiental.com.ar\/info\/#\/schema\/logo\/image\/","url":"https:\/\/patagoniambiental.com.ar\/info\/wp-content\/uploads\/2025\/05\/LOGO-PATAGONIA-AMBIENTAL.png","contentUrl":"https:\/\/patagoniambiental.com.ar\/info\/wp-content\/uploads\/2025\/05\/LOGO-PATAGONIA-AMBIENTAL.png","width":433,"height":250,"caption":"Patagonia Ambiental"},"image":{"@id":"https:\/\/patagoniambiental.com.ar\/info\/#\/schema\/logo\/image\/"},"sameAs":["https:\/\/www.facebook.com\/patagonia.ambiental","https:\/\/x.com\/PatAmb"]}]}},"_links":{"self":[{"href":"https:\/\/patagoniambiental.com.ar\/info\/wp-json\/wp\/v2\/pages\/95221","targetHints":{"allow":["GET"]}}],"collection":[{"href":"https:\/\/patagoniambiental.com.ar\/info\/wp-json\/wp\/v2\/pages"}],"about":[{"href":"https:\/\/patagoniambiental.com.ar\/info\/wp-json\/wp\/v2\/types\/page"}],"author":[{"embeddable":true,"href":"https:\/\/patagoniambiental.com.ar\/info\/wp-json\/wp\/v2\/users\/8"}],"replies":[{"embeddable":true,"href":"https:\/\/patagoniambiental.com.ar\/info\/wp-json\/wp\/v2\/comments?post=95221"}],"version-history":[{"count":0,"href":"https:\/\/patagoniambiental.com.ar\/info\/wp-json\/wp\/v2\/pages\/95221\/revisions"}],"wp:attachment":[{"href":"https:\/\/patagoniambiental.com.ar\/info\/wp-json\/wp\/v2\/media?parent=95221"}],"curies":[{"name":"wp","href":"https:\/\/api.w.org\/{rel}","templated":true}]}}